{"id":185,"date":"2021-02-21T11:10:14","date_gmt":"2021-02-21T16:10:14","guid":{"rendered":"https:\/\/landerlabmolecularparasitology.wordpress.com\/?page_id=185"},"modified":"2026-02-13T05:16:29","modified_gmt":"2026-02-13T05:16:29","slug":"publications","status":"publish","type":"page","link":"https:\/\/homepages.uc.edu\/~landerlab\/wordpress\/publications\/","title":{"rendered":"Publications"},"content":{"rendered":"\n<figure class=\"wp-block-image size-full\"><img loading=\"lazy\" decoding=\"async\" width=\"528\" height=\"334\" src=\"https:\/\/homepages.uc.edu\/~landerlab\/wordpress\/wp-content\/uploads\/2022\/02\/image-1.png\" alt=\"\" class=\"wp-image-388\" srcset=\"https:\/\/homepages.uc.edu\/~landerlab\/wordpress\/wp-content\/uploads\/2022\/02\/image-1.png 528w, https:\/\/homepages.uc.edu\/~landerlab\/wordpress\/wp-content\/uploads\/2022\/02\/image-1-300x190.png 300w\" sizes=\"auto, (max-width: 528px) 100vw, 528px\" \/><\/figure>\n\n\n\n<p><\/p>\n\n\n\n<p>Chiurillo MA, Ahmed M, Gonz\u00e1lez C, Ros\u00f3n JN, Das A, Lander N.\u00a0<strong>Cloning-Free Genome Editing by CRISPR\/T7RNAP\/Cas9 in <em>Trypanosoma cruzi<\/em>.<\/strong> Methods Mol Biol.\u00a02026;2982:59-76.\u00a0doi: <a href=\"https:\/\/link.springer.com\/protocol\/10.1007\/978-1-0716-4848-3_5\">10.1007\/978-1-0716-4848-3_5<\/a>.\u00a0<\/p>\n\n\n\n<p>Lander N.&nbsp;<strong>Outlining the structure of cAMP compartments in <em>Trypanosoma cruzi<\/em><\/strong>.&nbsp;<em>Trends Parasitol<\/em>.&nbsp;2025 Aug;41(8):628-640.&nbsp;doi: <a href=\"https:\/\/www.cell.com\/trends\/parasitology\/fulltext\/S1471-4922(25)00182-5?_returnURL=https%3A%2F%2Flinkinghub.elsevier.com%2Fretrieve%2Fpii%2FS1471492225001825%3Fshowall%3Dtrue\">10.1016\/j.pt.2025.06.013<\/a>.<\/p>\n\n\n\n<p>Carlson J, Ahmed M, Hunter R, Hoque SF, Benoit JB, Chiurillo MA, Lander N.&nbsp;<strong>TcCARP3 modulates compartmentalized cAMP signals involved in osmoregulation, infection of mammalian cells, and colonization of the triatomine vector in the human pathogen <em>Trypanosoma cruzi<\/em><\/strong>.&nbsp;<em>mBio<\/em>.&nbsp;2025 Jun 11;16(6):e0099425.&nbsp;doi: <a href=\"https:\/\/journals.asm.org\/doi\/10.1128\/mbio.00994-25\">10.1128\/mbio.00994-25<\/a>.<\/p>\n\n\n\n<p>Lander N, Chiurillo MA.&nbsp;<strong>A key regulator of male gametogenesis in <em>Cryptosporidium<\/em><\/strong>.&nbsp;<em>Trends Parasitol<\/em>.&nbsp;2024 Aug;40(8):662-663.&nbsp;doi: <a href=\"https:\/\/www.cell.com\/trends\/parasitology\/fulltext\/S1471-4922(24)00165-X?_returnURL=https%3A%2F%2Flinkinghub.elsevier.com%2Fretrieve%2Fpii%2FS147149222400165X%3Fshowall%3Dtrue\">10.1016\/j.pt.2024.06.007<\/a>.&nbsp;<\/p>\n\n\n\n<p>Lander N.&nbsp;<strong>mSphere of Influence: Compartmentalized cAMP signals in American trypanosomes.<\/strong>&nbsp;<em>mSphere.<\/em>&nbsp;2024 Feb 28;9(2):e0063523.&nbsp;doi: <a href=\"https:\/\/doi.org\/10.1128\/msphere.00635-23\" target=\"_blank\" rel=\"noreferrer noopener\">10.1128\/msphere.00635-23<\/a>.<\/p>\n\n\n\n<p>Chiurillo MA, Carlson J, Bertolini MS, Raja A, Lander N. <strong>Gene editing of putative cAMP and Ca<sup>2+<\/sup>-regulated proteins using an efficient cloning-free CRISPR\/Cas9 system in <em>Trypanosoma cruzi<\/em><\/strong>. <em>J Eukaryot Microbiol.<\/em> 2023 Nov-Dec;70(6):e12999.&nbsp;doi: <a href=\"https:\/\/onlinelibrary.wiley.com\/doi\/10.1111\/jeu.12999\">10.1111\/jeu.12999<\/a><em>.<\/em><\/p>\n\n\n\n<p>Chiurillo MA, Carlson J, Bertolini MS, Raja A, Lander N. <strong>Dual localization of receptor-type adenylate cyclases and cAMP response protein 3 unveils the presence of two putative signaling microdomains in&nbsp;<em>Trypanosoma cruzi<\/em>.<\/strong> <em>mBio<\/em>. 2023 Jul 21;e0106423.&nbsp;doi: <a href=\"https:\/\/journals.asm.org\/doi\/10.1128\/mbio.01064-23\">10.1128\/mbio.01064-23<\/a>.<\/p>\n\n\n\n<p>Teixeira TL, Chiurillo MA, Lander N, Rodrigues CC, Onofre TS, Ferreira \u00c9R, Yonamine CM, Santos JG, Mortara RA, da Silva CV, da Silveira JF. <strong>Ablation of the P21 gene of <em>Trypanosoma cruzi<\/em> provides evidence of P21 as a mediator in the control of epimastigote and intracellular amastigote replication<\/strong>. <em>Front Cell Infect Microbiol<\/em>. 2022 18;12:799668.&nbsp;doi: <a href=\"https:\/\/www.frontiersin.org\/articles\/10.3389\/fcimb.2022.799668\/full\" data-type=\"URL\" data-id=\"https:\/\/www.frontiersin.org\/articles\/10.3389\/fcimb.2022.799668\/full\">10.3389\/fcimb.2022.799668<\/a><\/p>\n\n\n\n<p>Chiurillo MA, Jensen BC, Docampo R. <strong>Drug Target Validation of the Protein Kinase&nbsp;<em>AEK1,<\/em>&nbsp;Essential for Proliferation, Host Cell Invasion, and Intracellular Replication of the Human Pathogen <em>Trypanosoma cruzi<\/em><\/strong>. <em>Microbiol Spectr<\/em>. 2021 31;9(2):e0073821. doi: <a href=\"https:\/\/journals.asm.org\/doi\/10.1128\/Spectrum.00738-21\">10.1128\/Spectrum.00738-21<\/a><\/p>\n\n\n\n<p>Chiurillo MA, Lander N. <strong>The long and winding road of reverse genetics in&nbsp;<em>Trypanosoma cruzi<\/em>. <\/strong><em>Microb Cell.<\/em> 2021 8(9):203-207. doi: <a href=\"http:\/\/microbialcell.com\/researcharticles\/2021a-chiurillo-microbial-cell\/\">10.15698\/mic2021.09.758<\/a><\/p>\n\n\n\n<p>Docampo R, Vercesi AE, Huang G, Lander N, Chiurillo MA, Bertolini M. <strong>Mitochondrial Ca<sup>2+<\/sup> homeostasis in trypanosomes<\/strong>. <em>Int Rev Cell Mol Biol.<\/em> 2021 362:261-289. doi: <a href=\"https:\/\/www.sciencedirect.com\/science\/article\/pii\/S1937644821000022?via%3Dihub\">10.1016\/bs.ircmb.2021.01.002<\/a><\/p>\n\n\n\n<p>Dave N, Cetiner U, Arroyo D, Fonbuena J, Tiwari M, Barrera P, Lander N, Anishkin A, Sukharev S, Jimenez V. <strong>A novel mechanosensitive channel controls osmoregulation, differentiation and infectivity in&nbsp;<em>Trypanosoma cruzi<\/em><\/strong>. Elife. 2021 Jul 2;10:e67449. doi: <a href=\"https:\/\/elifesciences.org\/articles\/67449\" target=\"_blank\" rel=\"noreferrer noopener\">10.7554\/eLife.67449<\/a><\/p>\n\n\n\n<p>Dos Santos GRR, Rezende Leite AC, Lander N, Chiurillo MA, Vercesi AE, Docampo R. <strong><em>Trypanosoma cruzi<\/em> Letm1 is involved in mitochondrial Ca<sup>2+<\/sup>&nbsp;transport, and is essential for replication, differentiation, and host cell invasion<\/strong>. <em>FASEB J<\/em>. 2021 Jul;35(7):e21685. doi: <a rel=\"noreferrer noopener\" href=\"https:\/\/faseb.onlinelibrary.wiley.com\/doi\/10.1096\/fj.202100120RR\" target=\"_blank\">10.1096\/fj.202100120RR<\/a><\/p>\n\n\n\n<p>Negreiros RS, Lander N, Chiurillo MA, Vercesi AE, Docampo R. <strong>Mitochondrial Pyruvate Carrier Subunits Are Essential for Pyruvate-Driven Respiration, Infectivity, and Intracellular Replication of <em>Trypanosoma cruzi<\/em>.<\/strong> mBio. 2021 Apr 6;12(2):e00540-21. doi: <a rel=\"noreferrer noopener\" href=\"https:\/\/journals.asm.org\/doi\/10.1128\/mBio.00540-21\" target=\"_blank\">10.1128\/mBio.00540-21<\/a><\/p>\n\n\n\n<p>Lander N, Chiurillo MA, Docampo R. <strong>Signaling pathways involved in environmental sensing in <em>Trypanosoma cruzi<\/em><\/strong>. <em>Mol Microbiol<\/em>. 2021 May;115(5):819-828.&nbsp;doi: <a rel=\"noreferrer noopener\" href=\"https:\/\/doi.org\/10.1111\/mmi.14621\" target=\"_blank\">10.1111\/mmi.14621<\/a>. <\/p>\n\n\n\n<p>Chiurillo MA, Lander N, Vercesi AE, Docampo R. <strong>IP<sub>3<\/sub> receptor-mediated Ca<sup>2+<\/sup> release from acidocalcisomes regulates mitochondrial bioenergetics and prevents autophagy in <em>Trypanosoma cruzi<\/em><\/strong>. <em>Cell Calcium<\/em>. 2020 Dec;92:102284. doi: <a rel=\"noreferrer noopener\" href=\"https:\/\/doi.org\/10.1016\/j.ceca.2020.102284\" target=\"_blank\">10.1016\/j.ceca.2020.102284<\/a>.<\/p>\n\n\n\n<p>Taylor MC, Lander N, Yoshida N. <strong>Unravelling <em>T. cruzi<\/em> Biology.<\/strong> <em>Front Cell Infect Microbiol<\/em>. 2020;10:382. doi: <a rel=\"noreferrer noopener\" href=\"https:\/\/doi.org\/10.3389\/fcimb.2020.00382\" target=\"_blank\"><\/a><a href=\"https:\/\/doi.org\/10.3389\/fcimb.2020.00382\">10.3389\/fcimb.2020.00382<\/a>. eCollection 2020.<\/p>\n\n\n\n<p>Ning Y, Frankfater C, Hsu FF, Soares RP, Cardoso CA, Nogueira PM, Lander NM, Docampo R, Zhang K. <strong>Lathosterol Oxidase (Sterol C-5 Desaturase) Deletion Confers Resistance to Amphotericin B and Sensitivity to Acidic Stress in <em>Leishmania major<\/em>.<\/strong> <em>mSphere<\/em>. 2020;5(4):e00380-20. doi: <a href=\"https:\/\/doi.org\/10.1128\/mSphere.00380-20\" target=\"_blank\" rel=\"noreferrer noopener\">10.1128\/mSphere.00380-20<\/a>.<\/p>\n\n\n\n<p>Faktorov\u00e1 D, Nisbet RER, Fern\u00e1ndez Robledo JA, Casacuberta E, Sudek L, Allen AE, Ares M Jr, Arest\u00e9 C, Balestreri C, Barbrook AC, Beardslee P, Bender S, Booth DS, Bouget FY, Bowler C, Breglia SA, Brownlee C, Burger G, Cerutti H, Cesaroni R, Chiurillo MA, Clemente T, Coles DB, Collier JL, Cooney EC, Coyne K, Docampo R, Dupont CL, Edgcomb V, Einarsson E, Elustondo PA, Federici F, Freire-Beneitez V, Freyria NJ, Fukuda K, Garc\u00eda PA, Girguis PR, Gomaa F, Gornik SG, Guo J, Hampl V, Hanawa Y, Haro-Contreras ER, Hehenberger E, Highfield A, Hirakawa Y, Hopes A, Howe CJ, Hu I, Iba\u00f1ez J, Irwin NAT, Ishii Y, Janowicz NE, Jones AC, Kachale A, Fujimura-Kamada K, Kaur B, Kaye JZ, Kazana E, Keeling PJ, King N, Klobutcher LA, Lander N, Lassadi I, Li Z, Lin S, Lozano JC, Luan F, Maruyama S, Matute T, Miceli C, Minagawa J, Moosburner M, Najle SR, Nanjappa D, Nimmo IC, Noble L, Nov\u00e1k Vanclov\u00e1 AMG, Nowacki M, Nu\u00f1ez I, Pain A, Piersanti A, Pucciarelli S, Pyrih J, Rest JS, Rius M, Robertson D, Ruaud A, Ruiz-Trillo I, Sigg MA, Silver PA, Slamovits CH, Jason Smith G, Sprecher BN, Stern R, Swart EC, Tsaousis AD, Tsypin L, Turkewitz A, Turn\u0161ek J, Valach M, Verg\u00e9 V, von Dassow P, von der Haar T, Waller RF, Wang L, Wen X, Wheeler G, Woods A, Zhang H, Mock T, Worden AZ, Luke\u0161 J. <strong>Genetic tool development in marine protists: emerging model organisms for experimental cell biology.<\/strong> <em>Nat Methods<\/em>. 2020;17(5):481-494. doi: <a href=\"https:\/\/doi.org\/10.1038\/s41592-020-0796-x\" target=\"_blank\" rel=\"noreferrer noopener\">10.1038\/s41592-020-0796-x<\/a>.<\/p>\n\n\n\n<p>Lander N, Chiurillo MA, Docampo R. <strong>CRISPR\/Cas9 Technology Applied to the Study of Proteins Involved in Calcium Signaling in <em>Trypanosoma cruzi<\/em>.<\/strong> Methods Mol Biol. 2020;2116:177-197. doi: <a href=\"https:\/\/doi.org\/10.1007\/978-1-0716-0294-2_13\" target=\"_blank\" rel=\"noreferrer noopener\">10.1007\/978-1-0716-0294-2_13<\/a>.<\/p>\n\n\n\n<p>Lander N, Cruz-Bustos T, Docampo R. <strong>A CRISPR\/Cas9-riboswitch-Based Method for Downregulation of Gene Expression in <em>Trypanosoma<\/em> <em>cruzi<\/em><\/strong><em>.<\/em> <em>Front Cell Infect Microbiol<\/em>. 2020;10:68. doi: <a href=\"https:\/\/www.frontiersin.org\/articles\/10.3389\/fcimb.2020.00068\/full\" target=\"_blank\" rel=\"noreferrer noopener\">10.3389\/fcimb.2020.00068<\/a> eCollection 2020.<\/p>\n\n\n\n<p>Lander N, Chiurillo MA. <strong>State-of-the-art CRISPR\/Cas9 Technology for Genome Editing in Trypanosomatids.<\/strong> <em>J Eukaryot Microbiol<\/em>. 2019;66(6):981-991. doi: <a href=\"https:\/\/doi.org\/10.1111\/jeu.12747\" target=\"_blank\" rel=\"noreferrer noopener\">10.1111\/jeu.12747<\/a>.<\/p>\n\n\n\n<p>Lerchner J, Sartori MR, Volpe POL, Lander N, Mertens F, Vercesi AE.<strong> Direct determination of anaerobe contributions to the energy metabolism of <em>Trypanosoma cruzi<\/em> by chip calorimetry. <\/strong><em>Anal Bioanal Chem<\/em>. 2019;411(17):3763-3768. doi: <a href=\"https:\/\/doi.org\/10.1007\/s00216-019-01882-3\" target=\"_blank\" rel=\"noreferrer noopener\">10.1007\/s00216-019-01882-3<\/a>.<\/p>\n\n\n\n<p>Chiurillo MA, Lander N, Bertolini MS, Vercesi AE, Docampo R. <strong>Functional analysis and importance for host cell infection of the Ca<sup>2+<\/sup>-conducting subunits of the mitochondrial calcium uniporter of <em>Trypanosoma cruzi<\/em>. <\/strong><em>Mol Biol Cell<\/em>. 2019;30(14):1676-1690. doi: <a href=\"https:\/\/doi.org\/10.1091\/mbc.E19-03-0152\" target=\"_blank\" rel=\"noreferrer noopener\">10.1091\/mbc.E19-03-0152<\/a>.<\/p>\n\n\n\n<p>Bertolini MS, Chiurillo MA, Lander N, Vercesi AE, Docampo R. <strong>MICU1 and MICU2 play an essential role in mitochondrial Ca<sup>2+<\/sup> uptake, growth, and infectivity of the human pathogen <em>Trypanosoma cruzi<\/em>. <\/strong><em>mBio<\/em>. 2019 May 7;10(3):e00348-19. doi: <a href=\"https:\/\/doi.org\/10.1128\/mBio.00348-19\" target=\"_blank\" rel=\"noreferrer noopener\">10.1128\/mBio.00348-19<\/a>.<\/p>\n\n\n\n<p>Lander N, Chiurillo MA, Docampo R. <strong>Genome editing by CRISPR\/Cas9 in <em>Trypanosoma cruzi<\/em>. <\/strong><em>Methods Mol Biol<\/em>. 2019;1955:61-76. doi: <a href=\"https:\/\/doi.org\/10.1007\/978-1-4939-9148-8_5\" target=\"_blank\" rel=\"noreferrer noopener\">10.1007\/978-1-4939-9148-8_5<\/a>.<\/p>\n\n\n\n<p>Lander N, Chiurillo MA, Bertolini MS, Storey M, Vercesi AE, Docampo R. <strong>Calcium-sensitive pyruvate dehydrogenase phosphatase is required for energy metabolism, growth, differentiation, and infectivity of <em>Trypanosoma cruzi<\/em>. <\/strong><em>J Biol Chem<\/em>. 2018;293(45):17402-17417. doi: <a href=\"https:\/\/doi.org\/10.1074\/jbc.RA118.004498\" target=\"_blank\" rel=\"noreferrer noopener\">10.1074\/jbc.RA118.004498<\/a>.<\/p>\n\n\n\n<p>Negreiros RS, Lander N, Huang G, Cordeiro CD, Smith SA, Morrissey JH, Docampo R. <strong>Inorganic polyphosphate interacts with nucleolar and glycosomal proteins in trypanosomatids.<\/strong> <em>Mol Microbiol<\/em>. 2018;110(6):973-994. doi: <a href=\"https:\/\/doi.org\/10.1111\/mmi.14131\" target=\"_blank\" rel=\"noreferrer noopener\">10.1111\/mmi.14131<\/a>.<\/p>\n\n\n\n<p>Lander N, Chiurillo MA, Bertolini MS, Docampo R, Vercesi AE. <strong>The mitochondrial calcium uniporter complex in trypanosomes. <\/strong><em>Cell Biol Int<\/em>. 2018;42(6):656-663. doi:<a href=\"https:\/\/doi.org\/ 10.1002\/cbin.10928\" target=\"_blank\" rel=\"noreferrer noopener\"> 10.1002\/cbin.10928<\/a>.<\/p>\n\n\n\n<p>Lander N, Chiurillo MA, Vercesi AE, Docampo R. <strong>Endogenous C-terminal tagging by CRISPR\/Cas9 in <em>Trypanosoma cruzi<\/em>.<\/strong> <em>Bio Protoc<\/em>. 2017;7(10):e2299. doi: <a href=\"https:\/\/doi.org\/10.21769\/BioProtoc.2299\" target=\"_blank\" rel=\"noreferrer noopener\">10.21769\/BioProtoc.2299<\/a>.<\/p>\n\n\n\n<p>Chiurillo MA, Lander N, Bertolini MS, Storey M, Vercesi AE, Docampo R.<strong> Different roles of mitochondrial calcium uniporter complex subunits in growth and infectivity of <em>Trypanosoma cruzi<\/em>. <\/strong><em>mBio<\/em>. 2017;8(3):e00574-17. doi: <a href=\"https:\/\/doi.org\/10.1128\/mBio.00574-17\" target=\"_blank\" rel=\"noreferrer noopener\">10.1128\/mBio.00574-17<\/a>.<\/p>\n\n\n\n<p>Lander N, Chiurillo MA, Storey M, Vercesi AE, Docampo R.<strong> CRISPR\/Cas9-mediated endogenous C-terminal tagging of <em>Trypanosoma cruzi<\/em> genes reveals the acidocalcisome localization of the Inositol 1,4,5-Trisphosphate receptor. <\/strong><em>J Biol Chem<\/em>. 2016;291(49):25505-25515. doi: <a href=\"https:\/\/doi.org\/10.1074\/jbc.M116.749655\" target=\"_blank\" rel=\"noreferrer noopener\">10.1074\/jbc.M116.749655<\/a>.<\/p>\n\n\n\n<p>Lander N, Chiurillo MA, Docampo R. <strong>Genome editing by CRISPR\/Cas9: A game change in the genetic amnipulation of protists. <\/strong><em>J Eukaryot Microbiol<\/em>. 2016;63(5):679-90. doi: <a href=\"https:\/\/doi.org\/10.1111\/jeu.12338\" target=\"_blank\" rel=\"noreferrer noopener\">10.1111\/jeu.12338<\/a>.<\/p>\n\n\n\n<p>Lander N, Cordeiro C, Huang G, Docampo R. <strong>Polyphosphate and acidocalcisomes<\/strong>. <em>Biochem Soc Trans<\/em>. 2016;44(1):1-6. doi: <a href=\"https:\/\/doi.org\/10.1042\/BST20150193\" target=\"_blank\" rel=\"noreferrer noopener\">10.1042\/BST20150193<\/a>.<\/p>\n\n\n\n<p>Lander N, Li ZH, Niyogi S, Docampo R. <strong>CRISPR\/Cas9-Induced disruption of Paraflagellar rod protein 1 and 2 genes in <em>Trypanosoma cruzi<\/em> reveals their role in flagellar attachment. <\/strong><em>mBio<\/em>. 2015;6(4):e01012. doi: <a href=\"https:\/\/doi.org\/10.1128\/mBio.01012-15\" target=\"_blank\" rel=\"noreferrer noopener\">10.1128\/mBio.01012-15<\/a>.<\/p>\n\n\n\n<p>Ulrich PN, Lander N, Kurup SP, Reiss L, Brewer J, Soares Medeiros LC, Miranda K, Docampo R. <strong>The acidocalcisome vacuolar transporter chaperone 4 catalyzes the synthesis of polyphosphate in insect-stages of <em>Trypanosoma brucei <\/em>and <em>T. cruzi<\/em>.<\/strong> <em>J Eukaryot Microbiol<\/em>. 2014;61(2):155-65. doi: <a href=\"https:\/\/doi.org\/10.1111\/jeu.12093\" target=\"_blank\" rel=\"noreferrer noopener\">10.1111\/jeu.12093<\/a>.<\/p>\n\n\n\n<p>Lander N, Ulrich PN, Docampo R. <strong><em>Trypanosoma brucei<\/em> vacuolar transporter chaperone 4 (TbVtc4) is an acidocalcisome polyphosphate kinase required for in vivo infection.<\/strong> <em>J Biol Chem.<\/em> 2013;288(47):34205-16. doi: <a href=\"https:\/\/doi.org\/10.1074\/jbc.M113.518993\" target=\"_blank\" rel=\"noreferrer noopener\">10.1074\/jbc.M113.518993<\/a>.<\/p>\n\n\n\n<p>Docampo R, Jimenez V, Lander N, Li ZH, Niyogi S. <strong>New insights into roles of acidocalcisomes and contractile vacuole complex in osmoregulation in protists.<\/strong> <em>Int Rev Cell Mol Biol.<\/em> 2013;305:69-113. doi: <a href=\"https:\/\/doi.org\/10.1016\/B978-0-12-407695-2.00002-0\" target=\"_blank\" rel=\"noreferrer noopener\">10.1016\/B978-0-12-407695-2.00002-0<\/a>.<\/p>\n\n\n\n<p>Lander N, Bernal C, Diez N, A\u00f1ez N, Docampo R, Ram\u00edrez JL.<strong> Localization and developmental regulation of a dispersed gene family 1 protein in <em>Trypanosoma cruzi. <\/em><\/strong><em>Infect Immun.<\/em> 2010;78(1):231-40. doi: <a href=\"https:\/\/doi.org\/10.1128\/IAI.00780-09\" target=\"_blank\" rel=\"noreferrer noopener\">10.1128\/IAI.00780-09<\/a>.<\/p>\n\n\n\n<p>Rodr\u00edguez E, Lander N, Ramirez JL. Molecular and biochemical characterisation of <em>Trypanosoma cruzi<\/em> phosphofructokinase. <em>Mem Inst Oswaldo Cruz<\/em>. 2009;104(5):745-8. doi: <a href=\"https:\/\/doi.org\/10.1590\/s0074-02762009000500014\" target=\"_blank\" rel=\"noreferrer noopener\">10.1590\/s0074-02762009000500014<\/a>.<\/p>\n\n\n\n<p>Pe\u00f1a CP, Lander N, Rodr\u00edguez E, Crisante G, A\u00f1ez N, Ram\u00edrez JL, Chiurillo MA. <strong>Molecular analysis of surface glycoprotein multigene family TrGP expressed on the plasma membrane of <em>Trypanosoma rangeli <\/em>epimastigotes forms.<\/strong> <em>Acta Trop<\/em>. 2009;111(3):255-62. doi: <a href=\"https:\/\/doi.org\/10.1016\/j.actatropica.2009.05.003\" target=\"_blank\" rel=\"noreferrer noopener\">10.1016\/j.actatropica.2009.05.003<\/a>.<\/p>\n","protected":false},"excerpt":{"rendered":"<p>Chiurillo MA, Ahmed M, Gonz\u00e1lez C, Ros\u00f3n JN, Das A, Lander N.\u00a0Cloning-Free Genome Editing by CRISPR\/T7RNAP\/Cas9 in Trypanosoma cruzi. Methods Mol Biol.\u00a02026;2982:59-76.\u00a0doi: 10.1007\/978-1-0716-4848-3_5.\u00a0 Lander N.&nbsp;Outlining the structure of cAMP compartments in Trypanosoma cruzi.&nbsp;Trends Parasitol.&nbsp;2025 Aug;41(8):628-640.&nbsp;doi: 10.1016\/j.pt.2025.06.013. Carlson J, Ahmed M, Hunter R, Hoque SF, Benoit JB, Chiurillo MA, Lander N.&nbsp;TcCARP3 modulates compartmentalized cAMP signals involved &hellip; <\/p>\n<p class=\"link-more\"><a href=\"https:\/\/homepages.uc.edu\/~landerlab\/wordpress\/publications\/\" class=\"more-link\">Continue reading<span class=\"screen-reader-text\"> &#8220;Publications&#8221;<\/span><\/a><\/p>\n","protected":false},"author":1,"featured_media":0,"parent":0,"menu_order":0,"comment_status":"closed","ping_status":"closed","template":"","meta":{"footnotes":""},"class_list":["post-185","page","type-page","status-publish","hentry"],"jetpack_sharing_enabled":true,"_links":{"self":[{"href":"https:\/\/homepages.uc.edu\/~landerlab\/wordpress\/wp-json\/wp\/v2\/pages\/185","targetHints":{"allow":["GET"]}}],"collection":[{"href":"https:\/\/homepages.uc.edu\/~landerlab\/wordpress\/wp-json\/wp\/v2\/pages"}],"about":[{"href":"https:\/\/homepages.uc.edu\/~landerlab\/wordpress\/wp-json\/wp\/v2\/types\/page"}],"author":[{"embeddable":true,"href":"https:\/\/homepages.uc.edu\/~landerlab\/wordpress\/wp-json\/wp\/v2\/users\/1"}],"replies":[{"embeddable":true,"href":"https:\/\/homepages.uc.edu\/~landerlab\/wordpress\/wp-json\/wp\/v2\/comments?post=185"}],"version-history":[{"count":12,"href":"https:\/\/homepages.uc.edu\/~landerlab\/wordpress\/wp-json\/wp\/v2\/pages\/185\/revisions"}],"predecessor-version":[{"id":567,"href":"https:\/\/homepages.uc.edu\/~landerlab\/wordpress\/wp-json\/wp\/v2\/pages\/185\/revisions\/567"}],"wp:attachment":[{"href":"https:\/\/homepages.uc.edu\/~landerlab\/wordpress\/wp-json\/wp\/v2\/media?parent=185"}],"curies":[{"name":"wp","href":"https:\/\/api.w.org\/{rel}","templated":true}]}}